{"id":22,"date":"2019-07-01T18:16:02","date_gmt":"2019-07-01T18:16:02","guid":{"rendered":"http:\/\/weinrich.das-yachtcenter.de\/?page_id=7"},"modified":"2019-08-05T22:13:44","modified_gmt":"2019-08-05T22:13:44","slug":"produzenten","status":"publish","type":"page","link":"https:\/\/moebelagentur-weinrich.de\/?page_id=22","title":{"rendered":"Produzenten"},"content":{"rendered":"<p>[et_pb_section fb_built=&#8220;1&#8243; fullwidth=&#8220;on&#8220; _builder_version=&#8220;3.25.3&#8243;][et_pb_fullwidth_header title=&#8220;Unsere Produzenten&#8220; background_overlay_color=&#8220;rgba(0,0,0,0.43)&#8220; _builder_version=&#8220;3.26.6&#8243; title_font=&#8220;|300||on|||||&#8220; title_text_align=&#8220;center&#8220; title_font_size=&#8220;50px&#8220; title_text_shadow_style=&#8220;preset1&#8243; background_image=&#8220;https:\/\/moebelagentur-weinrich.de\/wp-content\/uploads\/2019\/08\/Mikado-2.jpg&#8220; width=&#8220;100%&#8220; max_width=&#8220;100%&#8220; min_height=&#8220;420px&#8220; max_height=&#8220;1000px&#8220; custom_margin_last_edited=&#8220;on|desktop&#8220; title_font_last_edited=&#8220;off|desktop&#8220; title_text_align_last_edited=&#8220;on|desktop&#8220;][\/et_pb_fullwidth_header][\/et_pb_section][et_pb_section fb_built=&#8220;1&#8243; admin_label=&#8220;mission&#8220; module_id=&#8220;mission&#8220; _builder_version=&#8220;3.25.3&#8243; background_color=&#8220;rgba(0,0,0,0.02)&#8220;][et_pb_row _builder_version=&#8220;3.25.3&#8243;][et_pb_column type=&#8220;4_4&#8243; _builder_version=&#8220;3.25.3&#8243;][et_pb_text _builder_version=&#8220;3.25.3&#8243; text_font=&#8220;|300|||||||&#8220; header_font=&#8220;||||||||&#8220; header_2_font=&#8220;|800||on|||||&#8220; header_2_text_align=&#8220;left&#8220; header_2_font_size=&#8220;25px&#8220; header_2_line_height=&#8220;1.2em&#8220;]<\/p>\n<blockquote>\n<h2><span style=\"font-size: x-large; color: #333333;\">Unsere Produzenten<\/span><\/h2>\n<\/blockquote>\n<p>Unsere Produzenten sind f\u00fcr uns das A und O in unserer T\u00e4tigkeit. Aus diesem Grund suchen wir unsere Produzenten sehr sorgf\u00e4ltig aus. Mit unseren Produzenten arbeiten wir langj\u00e4hrig sehr erfolgreich zusammen.<\/p>\n<p>[\/et_pb_text][\/et_pb_column][\/et_pb_row][\/et_pb_section][et_pb_section fb_built=&#8220;1&#8243; _builder_version=&#8220;3.25.3&#8243; background_color=&#8220;rgba(56,56,56,0.73)&#8220; background_last_edited=&#8220;on|tablet&#8220;][et_pb_row column_structure=&#8220;1_4,3_4&#8243; _builder_version=&#8220;3.25.3&#8243; custom_margin=&#8220;24px|auto||auto||&#8220;][et_pb_column type=&#8220;1_4&#8243; _builder_version=&#8220;3.25.3&#8243;][et_pb_image src=&#8220;https:\/\/moebelagentur-weinrich.de\/wp-content\/uploads\/2019\/08\/scale_746_0donotenlarge.png&#8220; _builder_version=&#8220;3.25.3&#8243; filter_saturate=&#8220;0%&#8220;][\/et_pb_image][\/et_pb_column][et_pb_column type=&#8220;3_4&#8243; _builder_version=&#8220;3.25.3&#8243;][et_pb_text _builder_version=&#8220;3.25.3&#8243; text_font=&#8220;|300|||||||&#8220; header_font=&#8220;||||||||&#8220; header_2_font=&#8220;|800||on|||||&#8220; header_2_text_align=&#8220;left&#8220; header_2_font_size=&#8220;25px&#8220; header_2_line_height=&#8220;1.2em&#8220;]<\/p>\n<ul>\n<li>\n<h2><span style=\"font-size: large;\"><span color=\"#ffffff\" style=\"color: #ffffff;\"><span style=\"caret-color: #ffffff;\">trendige, moderne Polsterm\u00f6bel mit Funktion\u00a0<\/span><\/span>\u00a0<\/span><\/h2>\n<\/li>\n<\/ul>\n<p>[\/et_pb_text][\/et_pb_column][\/et_pb_row][et_pb_row _builder_version=&#8220;3.25.3&#8243;][et_pb_column type=&#8220;4_4&#8243; _builder_version=&#8220;3.25.3&#8243;][et_pb_gallery gallery_ids=&#8220;48,50,49,46&#8243; posts_number=&#8220;20&#8243; show_title_and_caption=&#8220;off&#8220; _builder_version=&#8220;3.26.6&#8243;][\/et_pb_gallery][\/et_pb_column][\/et_pb_row][\/et_pb_section][et_pb_section fb_built=&#8220;1&#8243; _builder_version=&#8220;3.25.3&#8243; background_color=&#8220;rgba(56,56,56,0.59)&#8220; background_last_edited=&#8220;on|tablet&#8220;][et_pb_row column_structure=&#8220;1_4,3_4&#8243; _builder_version=&#8220;3.25.3&#8243; custom_margin=&#8220;24px|auto||auto||&#8220;][et_pb_column type=&#8220;1_4&#8243; _builder_version=&#8220;3.25.3&#8243;][et_pb_image src=&#8220;https:\/\/moebelagentur-weinrich.de\/wp-content\/uploads\/2019\/08\/seher.png&#8220; align=&#8220;center&#8220; _builder_version=&#8220;3.25.3&#8243; width=&#8220;60%&#8220; filter_saturate=&#8220;0%&#8220;][\/et_pb_image][et_pb_image src=&#8220;https:\/\/moebelagentur-weinrich.de\/wp-content\/uploads\/2019\/08\/bomis2.png&#8220; align=&#8220;center&#8220; _builder_version=&#8220;3.25.3&#8243; width=&#8220;61%&#8220; filter_saturate=&#8220;0%&#8220;][\/et_pb_image][\/et_pb_column][et_pb_column type=&#8220;3_4&#8243; _builder_version=&#8220;3.25.3&#8243;][et_pb_text _builder_version=&#8220;3.25.3&#8243; text_font=&#8220;|300|||||||&#8220; header_font=&#8220;||||||||&#8220; header_2_font=&#8220;|800||on|||||&#8220; header_2_text_align=&#8220;left&#8220; header_2_font_size=&#8220;25px&#8220; header_2_line_height=&#8220;1.2em&#8220;]<\/p>\n<ul>\n<li style=\"text-align: center;\">\n<h2><span style=\"color: #ffffff; font-size: medium;\"><b>trendige &amp; klassische Polsterm\u00f6bel mit teilweise orientalischem Einschlag<\/b><\/span><\/h2>\n<\/li>\n<li style=\"text-align: center;\">\n<h2><span style=\"font-size: medium;\"><span style=\"color: #ffffff;\"><b><\/b><\/span><span style=\"color: #ffffff;\"><b>Boxspringbetten<\/b><\/span><\/span><\/h2>\n<\/li>\n<li style=\"text-align: center;\">\n<h2><span style=\"font-size: medium;\"><span style=\"color: #ffffff;\"><b><\/b><\/span><span style=\"color: #ffffff;\"><b>Polsterbetten \/ MatratzEN \/ Topper<\/b><\/span><\/span><\/h2>\n<\/li>\n<\/ul>\n<p>[\/et_pb_text][\/et_pb_column][\/et_pb_row][et_pb_row _builder_version=&#8220;3.25.3&#8243;][et_pb_column type=&#8220;4_4&#8243; _builder_version=&#8220;3.25.3&#8243;][et_pb_gallery gallery_ids=&#8220;60,59,58,57,56,55&#8243; show_title_and_caption=&#8220;off&#8220; _builder_version=&#8220;3.26.6&#8243; caption_font=&#8220;||||||||&#8220; pagination_font=&#8220;||||||||&#8220; pagination_text_color=&#8220;rgba(255,255,255,0.66)&#8220;][\/et_pb_gallery][\/et_pb_column][\/et_pb_row][\/et_pb_section][et_pb_section fb_built=&#8220;1&#8243; _builder_version=&#8220;3.25.3&#8243; background_color=&#8220;rgba(56,56,56,0.73)&#8220; background_last_edited=&#8220;on|tablet&#8220;][et_pb_row column_structure=&#8220;1_4,3_4&#8243; _builder_version=&#8220;3.25.3&#8243; custom_margin=&#8220;24px|auto||auto||&#8220;][et_pb_column type=&#8220;1_4&#8243; _builder_version=&#8220;3.25.3&#8243;][et_pb_image src=&#8220;https:\/\/moebelagentur-weinrich.de\/wp-content\/uploads\/2019\/08\/jonesjones.png&#8220; align=&#8220;center&#8220; _builder_version=&#8220;3.25.3&#8243; filter_saturate=&#8220;0%&#8220;][\/et_pb_image][\/et_pb_column][et_pb_column type=&#8220;3_4&#8243; _builder_version=&#8220;3.25.3&#8243;][et_pb_text _builder_version=&#8220;3.25.3&#8243; text_font=&#8220;|300|||||||&#8220; header_font=&#8220;||||||||&#8220; header_2_font=&#8220;|800||on|||||&#8220; header_2_text_align=&#8220;left&#8220; header_2_font_size=&#8220;25px&#8220; header_2_line_height=&#8220;1.2em&#8220;]<\/p>\n<ul>\n<li>\n<h2><span style=\"font-size: large;\"><span color=\"#ffffff\" style=\"color: #ffffff;\"><span style=\"caret-color: #ffffff;\">moderne Polsterm\u00f6bel\u00a0<\/span><\/span>\u00a0<\/span><\/h2>\n<\/li>\n<\/ul>\n<p>[\/et_pb_text][\/et_pb_column][\/et_pb_row][et_pb_row _builder_version=&#8220;3.25.3&#8243;][et_pb_column type=&#8220;4_4&#8243; _builder_version=&#8220;3.25.3&#8243;][et_pb_gallery gallery_ids=&#8220;62,63&#8243; posts_number=&#8220;2&#8243; show_title_and_caption=&#8220;off&#8220; _builder_version=&#8220;3.26.6&#8243;][\/et_pb_gallery][\/et_pb_column][\/et_pb_row][et_pb_row _builder_version=&#8220;3.25.3&#8243; custom_padding=&#8220;63px|||||&#8220;][et_pb_column type=&#8220;4_4&#8243; _builder_version=&#8220;3.25.3&#8243;][et_pb_blurb title=&#8220;moebelagenturweinrich.de&#8220; url=&#8220;https:\/\/www.instagram.com\/moebelagenturweinrich.de\/&#8220; url_new_window=&#8220;on&#8220; use_icon=&#8220;on&#8220; font_icon=&#8220;%%344%%&#8220; icon_color=&#8220;rgba(255,255,255,0.55)&#8220; use_icon_font_size=&#8220;on&#8220; icon_font_size=&#8220;45px&#8220; _builder_version=&#8220;3.26.6&#8243; header_font=&#8220;||||||||&#8220; header_font_size=&#8220;26px&#8220; text_orientation=&#8220;center&#8220; background_layout=&#8220;dark&#8220; animation_style=&#8220;fade&#8220; global_module=&#8220;71&#8243;][\/et_pb_blurb][\/et_pb_column][\/et_pb_row][\/et_pb_section]<\/p>\n","protected":false},"excerpt":{"rendered":"<p>Unsere Produzenten Unsere Produzenten sind f\u00fcr uns das A und O in unserer T\u00e4tigkeit. Aus diesem Grund suchen wir unsere Produzenten sehr sorgf\u00e4ltig aus. Mit unseren Produzenten arbeiten wir langj\u00e4hrig sehr erfolgreich zusammen. trendige, moderne Polsterm\u00f6bel mit Funktion\u00a0\u00a0 trendige &amp; klassische Polsterm\u00f6bel mit teilweise orientalischem Einschlag Boxspringbetten Polsterbetten \/ MatratzEN \/ Topper moderne Polsterm\u00f6bel\u00a0\u00a0<\/p>\n","protected":false},"author":1,"featured_media":0,"parent":0,"menu_order":3,"comment_status":"closed","ping_status":"closed","template":"","meta":{"_et_pb_use_builder":"on","_et_pb_old_content":"","_et_gb_content_width":""},"_links":{"self":[{"href":"https:\/\/moebelagentur-weinrich.de\/index.php?rest_route=\/wp\/v2\/pages\/22"}],"collection":[{"href":"https:\/\/moebelagentur-weinrich.de\/index.php?rest_route=\/wp\/v2\/pages"}],"about":[{"href":"https:\/\/moebelagentur-weinrich.de\/index.php?rest_route=\/wp\/v2\/types\/page"}],"author":[{"embeddable":true,"href":"https:\/\/moebelagentur-weinrich.de\/index.php?rest_route=\/wp\/v2\/users\/1"}],"replies":[{"embeddable":true,"href":"https:\/\/moebelagentur-weinrich.de\/index.php?rest_route=%2Fwp%2Fv2%2Fcomments&post=22"}],"version-history":[{"count":6,"href":"https:\/\/moebelagentur-weinrich.de\/index.php?rest_route=\/wp\/v2\/pages\/22\/revisions"}],"predecessor-version":[{"id":76,"href":"https:\/\/moebelagentur-weinrich.de\/index.php?rest_route=\/wp\/v2\/pages\/22\/revisions\/76"}],"wp:attachment":[{"href":"https:\/\/moebelagentur-weinrich.de\/index.php?rest_route=%2Fwp%2Fv2%2Fmedia&parent=22"}],"curies":[{"name":"wp","href":"https:\/\/api.w.org\/{rel}","templated":true}]}}