{"id":20,"date":"2019-07-01T18:16:02","date_gmt":"2019-07-01T18:16:02","guid":{"rendered":"http:\/\/weinrich.das-yachtcenter.de\/?page_id=5"},"modified":"2019-08-08T17:39:50","modified_gmt":"2019-08-08T17:39:50","slug":"home","status":"publish","type":"page","link":"https:\/\/moebelagentur-weinrich.de\/","title":{"rendered":"Home"},"content":{"rendered":"<p>[et_pb_section fb_built=&#8220;1&#8243; fullwidth=&#8220;on&#8220; _builder_version=&#8220;3.25.3&#8243;][et_pb_fullwidth_slider use_bg_overlay=&#8220;on&#8220; bg_overlay_color=&#8220;rgba(0,0,0,0.43)&#8220; admin_label=&#8220;home-slider&#8220; module_id=&#8220;home-slider&#8220; module_class=&#8220;et_fullscreen_slider&#8220; _builder_version=&#8220;3.26.6&#8243; header_font=&#8220;|700||on|||||&#8220; header_text_shadow_style=&#8220;preset3&#8243; auto=&#8220;on&#8220; auto_speed=&#8220;5000&#8243; auto_ignore_hover=&#8220;on&#8220; custom_css_main_element=&#8220;\/* arrow link wrapper *\/||.slider-down-arrow {||\tposition: absolute;||\tz-index: 10;||\tbottom: 70px;||\tleft: 0;||\twidth: 100%;||\ttext-align: center;||\tfont-size: 32px;||}||\/* arrow link *\/||.slider-down-arrow a {||\tline-height: 1em;||\tdisplay: inline-block;||\tcolor: white;||\ttext-shadow: 0 1px 8px rgba(0,0,0,0.5);||\ttransition: all 0.2s ease;||}||\/* animate the arrow link if not hovered,||note: this uses animation via Divi Booster *\/||.slider-down-arrow a:not(:hover) {||\tanimation: fullwidth-header-bounce 2.2s ease-out infinite;||}||\/* add hover effect on arrow link *\/||.slider-down-arrow a:hover {||\ttext-shadow: 0 2px 10px rgba(0,0,0,0.85);||}||||@media (min-width: 1200px) {||\t\/* increase arrow size, and adjust positioning, for larger screens *\/||\t.slider-down-arrow {||\t\tbottom: 90px;||\t\tfont-size: 48px;||\t}\t||}||||@media (max-width: 980px) {||\t\/* hide arrow when stuff stacks *\/||\t.slider-down-arrow {||\t\tdisplay: none;\t||\t}||}&#8220;][et_pb_slide heading=&#8220;Ihr Partner f\u00fcr den M\u00f6belfachhandel&#8220; admin_title=&#8220;et_fullscreen_slider&#8220; _builder_version=&#8220;3.26.6&#8243; header_font=&#8220;|700||on|||||&#8220; header_font_size=&#8220;30px&#8220; background_image=&#8220;https:\/\/moebelagentur-weinrich.de\/wp-content\/uploads\/2019\/07\/3290_19_Virginia.jpg&#8220; background_position=&#8220;bottom_center&#8220; header_font_tablet=&#8220;|700||on|||||&#8220; header_font_last_edited=&#8220;on|phone&#8220; background_last_edited=&#8220;on|phone&#8220; parallax_phone=&#8220;off&#8220;][\/et_pb_slide][et_pb_slide heading=&#8220;Ihr Partner f\u00fcr den M\u00f6belfachhandel&#8220; admin_title=&#8220;et_fullscreen_slider&#8220; _builder_version=&#8220;3.26.6&#8243; header_font=&#8220;|700||on|||||&#8220; header_font_size=&#8220;30px&#8220; background_image=&#8220;https:\/\/moebelagentur-weinrich.de\/wp-content\/uploads\/2019\/07\/5253_18_Metro.jpg&#8220; background_position=&#8220;bottom_center&#8220; header_font_last_edited=&#8220;on|phone&#8220; background_last_edited=&#8220;on|phone&#8220; parallax_phone=&#8220;on&#8220;][\/et_pb_slide][et_pb_slide heading=&#8220;Ihr Partner f\u00fcr den M\u00f6belfachhandel&#8220; admin_title=&#8220;et_fullscreen_slider&#8220; _builder_version=&#8220;3.26.6&#8243; header_font=&#8220;|700||on|||||&#8220; header_font_size=&#8220;30px&#8220; background_image=&#8220;https:\/\/moebelagentur-weinrich.de\/wp-content\/uploads\/2019\/07\/112-Myra-3-2-1-Melon715-Pu-Schwarz.png&#8220; background_position=&#8220;bottom_center&#8220; header_font_last_edited=&#8220;on|phone&#8220; header_text_color_last_edited=&#8220;on|phone&#8220; background_last_edited=&#8220;on|phone&#8220; parallax_phone=&#8220;on&#8220;][\/et_pb_slide][et_pb_slide heading=&#8220;Ihr Partner f\u00fcr den M\u00f6belfachhandel&#8220; admin_title=&#8220;et_fullscreen_slider&#8220; _builder_version=&#8220;3.26.6&#8243; header_font=&#8220;|700||on|||||&#8220; header_font_size=&#8220;30px&#8220; background_image=&#8220;https:\/\/moebelagentur-weinrich.de\/wp-content\/uploads\/2019\/07\/15194_18_Tomke.jpg&#8220; background_position=&#8220;bottom_center&#8220; header_font_last_edited=&#8220;on|phone&#8220; header_text_color_last_edited=&#8220;on|phone&#8220; background_last_edited=&#8220;on|phone&#8220; parallax_phone=&#8220;on&#8220;][\/et_pb_slide][\/et_pb_fullwidth_slider][\/et_pb_section][et_pb_section fb_built=&#8220;1&#8243; admin_label=&#8220;mission&#8220; module_id=&#8220;mission&#8220; _builder_version=&#8220;3.25.3&#8243; background_color=&#8220;rgba(0,0,0,0.02)&#8220;][et_pb_row _builder_version=&#8220;3.25.3&#8243;][et_pb_column type=&#8220;4_4&#8243; _builder_version=&#8220;3.25.3&#8243;][et_pb_text _builder_version=&#8220;3.25.3&#8243; text_font=&#8220;|300|||||||&#8220; header_font=&#8220;||||||||&#8220; header_2_font=&#8220;|800||on|||||&#8220; header_2_text_align=&#8220;left&#8220; header_2_font_size=&#8220;25px&#8220; header_2_line_height=&#8220;1.2em&#8220;]<\/p>\n<blockquote>\n<h2><span style=\"font-size: x-large; color: #333333;\">Wir agieren als Bindeglied zwischen unseren Produzenten und dem M\u00f6belfachhandel<\/span><\/h2>\n<\/blockquote>\n<p><span style=\"color: #333333;\"><strong>Unsere Kundenstruktur setzt sich aus dem gesamten deutschen und \u00f6sterreichischen M\u00f6belfachhandel zusammen.<br \/> Hierzu z\u00e4hlen nahezu alle M\u00f6bel Einkaufsverb\u00e4nde, s\u00e4mtliche Gro\u00dffl\u00e4chenanbieter und Filialisten des M\u00f6beleinzelhandels.<\/strong><\/span><\/p>\n<p><span style=\"color: #333333;\">Seit \u00fcber 35 Jahren erfolgreicher Zusammenarbeit steht die M\u00f6belagentur Weinrich f\u00fcr Vertrauen, Zuverl\u00e4ssigkeit und Kompetenz.<span style=\"font-size: 14px;\"><br \/> <\/span><span style=\"font-size: 14px;\">Nach diesen Kriterien suchen wir auch unsere Produzenten \u00e4u\u00dferst sorgf\u00e4ltig aus. Qualit\u00e4t und Lieferf\u00e4higkeit sind hierbei heutzutage wichtige Argumente.<\/span><\/span><\/p>\n<p><span style=\"color: #333333;\"><strong>Mit eigenen B\u00fcros in<span class=\"Apple-converted-space\">\u00a0<\/span><\/strong><\/span><\/p>\n<ul>\n<li><span style=\"color: #333333;\">Polen<\/span><\/li>\n<li><span style=\"color: #333333;\">der T\u00fcrkei <\/span><\/li>\n<li><span style=\"color: #333333;\">und in Deutschland<span class=\"Apple-converted-space\">\u00a0<\/span><\/span><\/li>\n<\/ul>\n<p><span style=\"font-size: 14px; color: #333333;\">sind wir auch an den wichtigen europ\u00e4ischen Produktionsstandorten vertreten. <\/span><\/p>\n<p><span style=\"font-size: 14px; color: #333333;\">Neben dem M\u00f6beldesign und dem kompletten Vertrieb in Deutschland und \u00d6sterreich \u00fcbernehmen wir auch die komplette EDV Abwicklung f\u00fcr unsere Produzenten.<\/span><\/p>\n<p>[\/et_pb_text][\/et_pb_column][\/et_pb_row][\/et_pb_section][et_pb_section fb_built=&#8220;1&#8243; _builder_version=&#8220;3.25.3&#8243; background_color=&#8220;rgba(56,56,56,0.73)&#8220; background_last_edited=&#8220;on|tablet&#8220;][et_pb_row column_structure=&#8220;1_2,1_2&#8243; _builder_version=&#8220;3.25.3&#8243; custom_margin=&#8220;25px|auto||auto||&#8220;][et_pb_column type=&#8220;1_2&#8243; _builder_version=&#8220;3.25.3&#8243;][et_pb_image src=&#8220;https:\/\/moebelagentur-weinrich.de\/wp-content\/uploads\/2019\/07\/15039_18_Coast.jpg&#8220; show_in_lightbox=&#8220;on&#8220; _builder_version=&#8220;3.25.3&#8243;][\/et_pb_image][\/et_pb_column][et_pb_column type=&#8220;1_2&#8243; _builder_version=&#8220;3.25.3&#8243;][et_pb_blurb use_icon=&#8220;on&#8220; font_icon=&#8220;%%90%%&#8220; icon_color=&#8220;rgba(255,255,255,0.61)&#8220; icon_placement=&#8220;left&#8220; use_icon_font_size=&#8220;on&#8220; icon_font_size=&#8220;69px&#8220; _builder_version=&#8220;3.25.3&#8243; header_font=&#8220;||||||||&#8220; custom_margin=&#8220;|||-19px||&#8220;][\/et_pb_blurb][et_pb_text _builder_version=&#8220;3.26.6&#8243; text_font=&#8220;||||||||&#8220; text_text_color=&#8220;#ffffff&#8220; text_text_shadow_style=&#8220;preset3&#8243; header_font=&#8220;||||||||&#8220; header_2_font=&#8220;|||on|||||&#8220; header_2_text_align=&#8220;left&#8220; header_2_font_size=&#8220;25px&#8220; header_2_line_height=&#8220;1.2em&#8220; header_2_text_shadow_style=&#8220;preset3&#8243; header_3_font=&#8220;|800|||||||&#8220;]<\/p>\n<p style=\"text-align: justify;\"><span style=\"font-size: large;\">Seit \u00fcber 35 Jahren sind unsere M\u00f6bel st\u00e4ndige Sortiments- und Werbeartikel in Print- und TV-Werbungen unserer Handelspartner. Wir sind stolz darauf ein Teil dieser Werbekampagnen zu sein.<\/span><\/p>\n<p><em>J\u00f6rn Weinrich, Gesellschafter<\/em><\/p>\n<p>[\/et_pb_text][\/et_pb_column][\/et_pb_row][et_pb_row _builder_version=&#8220;3.25.3&#8243; custom_padding=&#8220;63px|||||&#8220;][et_pb_column type=&#8220;4_4&#8243; _builder_version=&#8220;3.25.3&#8243;][et_pb_blurb title=&#8220;moebelagenturweinrich.de&#8220; url=&#8220;https:\/\/www.instagram.com\/moebelagenturweinrich.de\/&#8220; url_new_window=&#8220;on&#8220; use_icon=&#8220;on&#8220; font_icon=&#8220;%%344%%&#8220; icon_color=&#8220;rgba(255,255,255,0.55)&#8220; use_icon_font_size=&#8220;on&#8220; icon_font_size=&#8220;45px&#8220; _builder_version=&#8220;3.26.6&#8243; header_font=&#8220;||||||||&#8220; header_font_size=&#8220;26px&#8220; text_orientation=&#8220;center&#8220; background_layout=&#8220;dark&#8220; animation_style=&#8220;fade&#8220; global_module=&#8220;71&#8243; saved_tabs=&#8220;all&#8220;][\/et_pb_blurb][\/et_pb_column][\/et_pb_row][\/et_pb_section]<\/p>\n","protected":false},"excerpt":{"rendered":"<p>Wir agieren als Bindeglied zwischen unseren Produzenten und dem M\u00f6belfachhandel Unsere Kundenstruktur setzt sich aus dem gesamten deutschen und \u00f6sterreichischen M\u00f6belfachhandel zusammen. Hierzu z\u00e4hlen nahezu alle M\u00f6bel Einkaufsverb\u00e4nde, s\u00e4mtliche Gro\u00dffl\u00e4chenanbieter und Filialisten des M\u00f6beleinzelhandels. Seit \u00fcber 35 Jahren erfolgreicher Zusammenarbeit steht die M\u00f6belagentur Weinrich f\u00fcr Vertrauen, Zuverl\u00e4ssigkeit und Kompetenz. Nach diesen Kriterien suchen wir auch [&hellip;]<\/p>\n","protected":false},"author":1,"featured_media":0,"parent":0,"menu_order":1,"comment_status":"closed","ping_status":"closed","template":"","meta":{"_et_pb_use_builder":"on","_et_pb_old_content":"","_et_gb_content_width":""},"_links":{"self":[{"href":"https:\/\/moebelagentur-weinrich.de\/index.php?rest_route=\/wp\/v2\/pages\/20"}],"collection":[{"href":"https:\/\/moebelagentur-weinrich.de\/index.php?rest_route=\/wp\/v2\/pages"}],"about":[{"href":"https:\/\/moebelagentur-weinrich.de\/index.php?rest_route=\/wp\/v2\/types\/page"}],"author":[{"embeddable":true,"href":"https:\/\/moebelagentur-weinrich.de\/index.php?rest_route=\/wp\/v2\/users\/1"}],"replies":[{"embeddable":true,"href":"https:\/\/moebelagentur-weinrich.de\/index.php?rest_route=%2Fwp%2Fv2%2Fcomments&post=20"}],"version-history":[{"count":5,"href":"https:\/\/moebelagentur-weinrich.de\/index.php?rest_route=\/wp\/v2\/pages\/20\/revisions"}],"predecessor-version":[{"id":92,"href":"https:\/\/moebelagentur-weinrich.de\/index.php?rest_route=\/wp\/v2\/pages\/20\/revisions\/92"}],"wp:attachment":[{"href":"https:\/\/moebelagentur-weinrich.de\/index.php?rest_route=%2Fwp%2Fv2%2Fmedia&parent=20"}],"curies":[{"name":"wp","href":"https:\/\/api.w.org\/{rel}","templated":true}]}}